{"id":10874,"date":"2026-04-27T11:04:10","date_gmt":"2026-04-27T08:04:10","guid":{"rendered":"https:\/\/daphnesrestaurant.gr\/menu-groups\/"},"modified":"2026-04-29T13:11:40","modified_gmt":"2026-04-29T10:11:40","slug":"menu-groups","status":"publish","type":"page","link":"https:\/\/daphnesrestaurant.gr\/el\/menu-groups\/","title":{"rendered":"Menu Groups"},"content":{"rendered":"\t\t<div data-elementor-type=\"wp-page\" data-elementor-id=\"10874\" class=\"elementor elementor-10874 elementor-10869\">\n\t\t\t\t\t\t<section class=\"elementor-section elementor-top-section elementor-element elementor-element-53d4a99 elementor-section-full_width elementor-section-height-default elementor-section-height-default qodef-elementor-content-no\" data-id=\"53d4a99\" data-element_type=\"section\" data-e-type=\"section\">\n\t\t\t\t\t\t<div class=\"elementor-container elementor-column-gap-no\">\n\t\t\t\t\t<div class=\"elementor-column elementor-col-100 elementor-top-column elementor-element elementor-element-ee7da6d\" data-id=\"ee7da6d\" data-element_type=\"column\" data-e-type=\"column\">\n\t\t\t<div class=\"elementor-widget-wrap elementor-element-populated\">\n\t\t\t\t\t\t\t<\/div>\n\t\t<\/div>\n\t\t\t\t\t<\/div>\n\t\t<\/section>\n\t\t<div class=\"elementor-element elementor-element-acd8803 e-flex e-con-boxed e-con e-parent\" data-id=\"acd8803\" data-element_type=\"container\" data-e-type=\"container\">\n\t\t\t\t\t<div class=\"e-con-inner\">\n\t\t\t\t<div class=\"elementor-element elementor-element-3ea1be3 elementor-widget elementor-widget-beurre_core_section_title\" data-id=\"3ea1be3\" data-element_type=\"widget\" data-e-type=\"widget\" data-widget_type=\"beurre_core_section_title.default\">\n\t\t\t\t<div class=\"elementor-widget-container\">\n\t\t\t\t\t<div class=\"qodef-shortcode qodef-m  qodef-section-title qodef-alignment--center  qodef-highlight-title\">\n\t\t\t<h1 class=\"qodef-m-title\" >\n\t\t\t\t\tWines Menus\t\t\t<\/h1>\n\t<\/div>\n\t\t\t\t<\/div>\n\t\t\t\t<\/div>\n\t\t\t\t\t<\/div>\n\t\t\t\t<\/div>\n\t\t\t\t<section class=\"elementor-section elementor-top-section elementor-element elementor-element-192acf0 elementor-section-full_width qodef-elementor-content-grid elementor-section-height-default elementor-section-height-default\" data-id=\"192acf0\" data-element_type=\"section\" data-e-type=\"section\">\n\t\t\t\t\t\t<div class=\"elementor-container elementor-column-gap-default\">\n\t\t\t\t\t<div class=\"elementor-column elementor-col-50 elementor-top-column elementor-element elementor-element-aca73a8\" data-id=\"aca73a8\" data-element_type=\"column\" data-e-type=\"column\">\n\t\t\t<div class=\"elementor-widget-wrap elementor-element-populated\">\n\t\t\t\t\t\t<div class=\"elementor-element elementor-element-9c19f1e elementor-widget elementor-widget-beurre_core_section_title\" data-id=\"9c19f1e\" data-element_type=\"widget\" data-e-type=\"widget\" data-widget_type=\"beurre_core_section_title.default\">\n\t\t\t\t<div class=\"elementor-widget-container\">\n\t\t\t\t\t<div class=\"qodef-shortcode qodef-m  qodef-section-title qodef-alignment--left  qodef-highlight-title\">\n\t\t\t<h3 class=\"qodef-m-title\" >\n\t\t\t\t\tMenu 1\t\t\t<\/h3>\n\t<\/div>\n\t\t\t\t<\/div>\n\t\t\t\t<\/div>\n\t\t\t\t<div class=\"elementor-element elementor-element-b2a0ad6 elementor-widget elementor-widget-qi_addons_for_elementor_pricing_list\" data-id=\"b2a0ad6\" data-element_type=\"widget\" data-e-type=\"widget\" data-widget_type=\"qi_addons_for_elementor_pricing_list.default\">\n\t\t\t\t<div class=\"elementor-widget-container\">\n\t\t\t\t\t<div class=\"qodef-shortcode qodef-m qodef-qi-pricing-list qodef-pricing-line--solid qodef-layout--standard\">\n\t<div class=\"qodef-m-inner\">\n\t\t<div class=\"qodef-m-item qodef-e elementor-repeater-item-3e9c18c\">\n\t\t\t<div class=\"qodef-e-heading\">\n\t\t\t<h5 class=\"qodef-e-heading-title\">Unlimited | House wine | Beers &amp; Beverages<\/h5>\n\t\t\t\t\t\t<div class=\"qodef-e-heading-line\" ><\/div>\n\t\t\t\t\t\t\t<p class=\"qodef-e-heading-price\">32.00\u20ac<\/p>\n\t\t\t\t\t\t\t\t<\/div>\n\t\t\t\t<p class=\"qodef-e-description\"><h6>Unlimited House wine<\/h6>\n<ul>\n<li>White Moschofilero<\/li>\n<li>Rose Moschofilero <\/li>\n<li>Red Cabernet Sauvignon<\/li>\n<\/ul>\n\n<h6>Beers &amp; Beverages<\/h6>\n\n<br>\nprice per person: 32,00\u20ac <br>\n(all VAT included)<\/p>\n\t<\/div>\n\t<\/div>\n\t\t<\/div>\n\t\t\t\t<\/div>\n\t\t\t\t<\/div>\n\t\t\t\t\t<\/div>\n\t\t<\/div>\n\t\t\t\t<div class=\"elementor-column elementor-col-50 elementor-top-column elementor-element elementor-element-7700e95\" data-id=\"7700e95\" data-element_type=\"column\" data-e-type=\"column\">\n\t\t\t<div class=\"elementor-widget-wrap elementor-element-populated\">\n\t\t\t\t\t\t<div class=\"elementor-element elementor-element-77873f7 elementor-widget elementor-widget-beurre_core_section_title\" data-id=\"77873f7\" data-element_type=\"widget\" data-e-type=\"widget\" data-widget_type=\"beurre_core_section_title.default\">\n\t\t\t\t<div class=\"elementor-widget-container\">\n\t\t\t\t\t<div class=\"qodef-shortcode qodef-m  qodef-section-title qodef-alignment--left  qodef-highlight-title\">\n\t\t\t<h3 class=\"qodef-m-title\" >\n\t\t\t\t\tMenu 2\t\t\t<\/h3>\n\t<\/div>\n\t\t\t\t<\/div>\n\t\t\t\t<\/div>\n\t\t\t\t<div class=\"elementor-element elementor-element-bfea547 elementor-widget elementor-widget-qi_addons_for_elementor_pricing_list\" data-id=\"bfea547\" data-element_type=\"widget\" data-e-type=\"widget\" data-widget_type=\"qi_addons_for_elementor_pricing_list.default\">\n\t\t\t\t<div class=\"elementor-widget-container\">\n\t\t\t\t\t<div class=\"qodef-shortcode qodef-m qodef-qi-pricing-list qodef-pricing-line--solid qodef-layout--standard\">\n\t<div class=\"qodef-m-inner\">\n\t\t<div class=\"qodef-m-item qodef-e elementor-repeater-item-3e9c18c\">\n\t\t\t<div class=\"qodef-e-heading\">\n\t\t\t<h5 class=\"qodef-e-heading-title\">Unlimited | House wine | Beers &amp; Beverages<\/h5>\n\t\t\t\t\t\t<div class=\"qodef-e-heading-line\" ><\/div>\n\t\t\t\t\t\t\t<p class=\"qodef-e-heading-price\">42,00\u20ac<\/p>\n\t\t\t\t\t\t\t\t<\/div>\n\t\t\t\t<p class=\"qodef-e-description\"><h6>Unlimited House wine<\/h6>\n<ul>\n<li>White Moschofilero<\/li>\n<li>Rose Moschofilero <\/li>\n<li>Red Cabernet Sauvignon<\/li>\n<\/ul>\n \n<h6>Thema Ktima Pavlidis<\/h6>\n<ul>\n<li>Assyrtico, Sauvignon Blanc<\/li>\n<li>Agiorghitiko, Syrah\/Shiraz<\/li>\n<\/ul>\n\n<h6>Beers &amp; Beverages<\/h6>\n\n<br>\nprice per person: 42,00\u20ac\n<br>\n(all VAT included)<\/p>\n\t<\/div>\n\t<\/div>\n\t\t<\/div>\n\t\t\t\t<\/div>\n\t\t\t\t<\/div>\n\t\t\t\t\t<\/div>\n\t\t<\/div>\n\t\t\t\t\t<\/div>\n\t\t<\/section>\n\t\t\t\t<section class=\"elementor-section elementor-top-section elementor-element elementor-element-b0a6b6e elementor-section-full_width elementor-section-height-default elementor-section-height-default qodef-elementor-content-no\" data-id=\"b0a6b6e\" data-element_type=\"section\" data-e-type=\"section\">\n\t\t\t\t\t\t<div class=\"elementor-container elementor-column-gap-no\">\n\t\t\t\t\t<div class=\"elementor-column elementor-col-100 elementor-top-column elementor-element elementor-element-aec554d\" data-id=\"aec554d\" data-element_type=\"column\" data-e-type=\"column\">\n\t\t\t<div class=\"elementor-widget-wrap elementor-element-populated\">\n\t\t\t\t\t\t\t<\/div>\n\t\t<\/div>\n\t\t\t\t\t<\/div>\n\t\t<\/section>\n\t\t<div class=\"elementor-element elementor-element-090d5dc e-con-full e-flex e-con e-parent\" data-id=\"090d5dc\" data-element_type=\"container\" data-e-type=\"container\">\n\t\t<div class=\"elementor-element elementor-element-bfd1fef e-con-full e-flex e-con e-child\" data-id=\"bfd1fef\" data-element_type=\"container\" data-e-type=\"container\">\n\t\t\t\t<div class=\"elementor-element elementor-element-febcb73 elementor-widget elementor-widget-beurre_core_section_title\" data-id=\"febcb73\" data-element_type=\"widget\" data-e-type=\"widget\" data-widget_type=\"beurre_core_section_title.default\">\n\t\t\t\t<div class=\"elementor-widget-container\">\n\t\t\t\t\t<div class=\"qodef-shortcode qodef-m  qodef-section-title qodef-alignment--left  qodef-highlight-title\">\n\t\t<span class=\"qodef-m-tagline\">price per person: 46,00\u20ac (all VAT included)<\/span>\n\t\t<h3 class=\"qodef-m-title\" >\n\t\t\t\t\tMenu 1 \u201ctraditional\u201d\t\t\t<\/h3>\n\t<\/div>\n\t\t\t\t<\/div>\n\t\t\t\t<\/div>\n\t\t\t\t<div class=\"elementor-element elementor-element-afd00bc elementor-widget elementor-widget-qi_addons_for_elementor_pricing_list\" data-id=\"afd00bc\" data-element_type=\"widget\" data-e-type=\"widget\" data-widget_type=\"qi_addons_for_elementor_pricing_list.default\">\n\t\t\t\t<div class=\"elementor-widget-container\">\n\t\t\t\t\t<div class=\"qodef-shortcode qodef-m qodef-qi-pricing-list qodef-pricing-line--solid qodef-layout--standard\">\n\t<div class=\"qodef-m-inner\">\n\t\t<div class=\"qodef-m-item qodef-e elementor-repeater-item-3e9c18c\">\n\t\t\t<div class=\"qodef-e-heading\">\n\t\t\t<h5 class=\"qodef-e-heading-title\">Bread <\/h5>\n\t\t\t\t\t\t<div class=\"qodef-e-heading-line\" ><\/div>\n\t\t\t\t\t\t\t\t<\/div>\n\t\t\t\t<p class=\"qodef-e-description\">with olive pate<\/p>\n\t<\/div>\n<div class=\"qodef-m-item qodef-e elementor-repeater-item-a919bc4\">\n\t\t\t<div class=\"qodef-e-heading\">\n\t\t\t<h5 class=\"qodef-e-heading-title\">Traditional spinachpie pie<\/h5>\n\t\t\t\t\t\t<div class=\"qodef-e-heading-line\" ><\/div>\n\t\t\t\t\t\t\t\t<\/div>\n\t\t<\/div>\n<div class=\"qodef-m-item qodef-e elementor-repeater-item-1a26112\">\n\t\t\t<div class=\"qodef-e-heading\">\n\t\t\t<h5 class=\"qodef-e-heading-title\">Tzatziki <\/h5>\n\t\t\t\t\t\t<div class=\"qodef-e-heading-line\" ><\/div>\n\t\t\t\t\t\t\t\t<\/div>\n\t\t\t\t<p class=\"qodef-e-description\">per 2 persons<\/p>\n\t<\/div>\n<div class=\"qodef-m-item qodef-e elementor-repeater-item-0df054b\">\n\t\t\t<div class=\"qodef-e-heading\">\n\t\t\t<h5 class=\"qodef-e-heading-title\">Greek traditional salad<\/h5>\n\t\t\t\t\t\t<div class=\"qodef-e-heading-line\" ><\/div>\n\t\t\t\t\t\t\t\t<\/div>\n\t\t\t\t<p class=\"qodef-e-description\">per 2 persons<br>\nTomato, cucumber, onion, peppers, olives, feta cheese, oregano,\nkritamo, barley akes &amp; virgin olive oil<\/p>\n\t<\/div>\n<div class=\"qodef-m-item qodef-e elementor-repeater-item-da0a262\">\n\t\t\t<div class=\"qodef-e-heading\">\n\t\t\t<h5 class=\"qodef-e-heading-title\">Main Course<\/h5>\n\t\t\t\t\t\t<div class=\"qodef-e-heading-line\" ><\/div>\n\t\t\t\t\t\t\t\t<\/div>\n\t\t\t\t<p class=\"qodef-e-description\"><strong><em>Authentic Greek Moussaka<\/em><\/strong>\n(in a clay pot) <strong><em><u>OR<\/u><\/em><\/strong>\n<strong><em>Lamb baked in clay pot<\/em><\/strong>\n(cooked with vegetables, potstoes &amp; salty gruyere) <strong><em><u>OR<\/u><\/em><\/strong>\n<strong><em>Greek beef &amp; orzo casserole Giouvetsi<\/em><\/strong>\n(in a clay pot with Naxos gruyere)\n<\/p>\n\t<\/div>\n<div class=\"qodef-m-item qodef-e elementor-repeater-item-9045d29\">\n\t\t\t<div class=\"qodef-e-heading\">\n\t\t\t<h5 class=\"qodef-e-heading-title\">Traditional Mpaklava with vanilla ice cream<\/h5>\n\t\t\t\t\t\t<div class=\"qodef-e-heading-line\" ><\/div>\n\t\t\t\t\t\t\t\t<\/div>\n\t\t<\/div>\n<div class=\"qodef-m-item qodef-e elementor-repeater-item-824ea9c\">\n\t\t\t<div class=\"qodef-e-heading\">\n\t\t\t<h5 class=\"qodef-e-heading-title\">Mineral water<\/h5>\n\t\t\t\t\t\t<div class=\"qodef-e-heading-line\" ><\/div>\n\t\t\t\t\t\t\t\t<\/div>\n\t\t<\/div>\n\t<\/div>\n\t\t<\/div>\n\t\t\t\t<\/div>\n\t\t\t\t<\/div>\n\t\t\t\t<\/div>\n\t\t<div class=\"elementor-element elementor-element-b229a00 e-con-full e-flex e-con e-child\" data-id=\"b229a00\" data-element_type=\"container\" data-e-type=\"container\">\n\t\t\t\t<div class=\"elementor-element elementor-element-05f82c8 elementor-widget elementor-widget-beurre_core_section_title\" data-id=\"05f82c8\" data-element_type=\"widget\" data-e-type=\"widget\" data-widget_type=\"beurre_core_section_title.default\">\n\t\t\t\t<div class=\"elementor-widget-container\">\n\t\t\t\t\t<div class=\"qodef-shortcode qodef-m  qodef-section-title qodef-alignment--left  qodef-highlight-title\">\n\t\t<span class=\"qodef-m-tagline\">price per person: 43,00\u20ac (all VAT included)<\/span>\n\t\t<h3 class=\"qodef-m-title\" >\n\t\t\t\t\tMenu 2 \u201cfrom our grill\u201d\t\t\t<\/h3>\n\t<\/div>\n\t\t\t\t<\/div>\n\t\t\t\t<\/div>\n\t\t\t\t<div class=\"elementor-element elementor-element-a55abe1 elementor-widget elementor-widget-qi_addons_for_elementor_pricing_list\" data-id=\"a55abe1\" data-element_type=\"widget\" data-e-type=\"widget\" data-widget_type=\"qi_addons_for_elementor_pricing_list.default\">\n\t\t\t\t<div class=\"elementor-widget-container\">\n\t\t\t\t\t<div class=\"qodef-shortcode qodef-m qodef-qi-pricing-list qodef-pricing-line--solid qodef-layout--standard\">\n\t<div class=\"qodef-m-inner\">\n\t\t<div class=\"qodef-m-item qodef-e elementor-repeater-item-3e9c18c\">\n\t\t\t<div class=\"qodef-e-heading\">\n\t\t\t<h5 class=\"qodef-e-heading-title\">Bread <\/h5>\n\t\t\t\t\t\t<div class=\"qodef-e-heading-line\" ><\/div>\n\t\t\t\t\t\t\t\t<\/div>\n\t\t\t\t<p class=\"qodef-e-description\">with olive pate<\/p>\n\t<\/div>\n<div class=\"qodef-m-item qodef-e elementor-repeater-item-8d74342\">\n\t\t\t<div class=\"qodef-e-heading\">\n\t\t\t<h5 class=\"qodef-e-heading-title\">Traditional spinachpie pie<\/h5>\n\t\t\t\t\t\t<div class=\"qodef-e-heading-line\" ><\/div>\n\t\t\t\t\t\t\t\t<\/div>\n\t\t<\/div>\n<div class=\"qodef-m-item qodef-e elementor-repeater-item-1830a6f\">\n\t\t\t<div class=\"qodef-e-heading\">\n\t\t\t<h5 class=\"qodef-e-heading-title\">Greek Split pea puree <\/h5>\n\t\t\t\t\t\t<div class=\"qodef-e-heading-line\" ><\/div>\n\t\t\t\t\t\t\t\t<\/div>\n\t\t\t\t<p class=\"qodef-e-description\">per 2 persons <br>\nwith olive oil and fresh onion<\/p>\n\t<\/div>\n<div class=\"qodef-m-item qodef-e elementor-repeater-item-58f86f6\">\n\t\t\t<div class=\"qodef-e-heading\">\n\t\t\t<h5 class=\"qodef-e-heading-title\">Ceasar<\/h5>\n\t\t\t\t\t\t<div class=\"qodef-e-heading-line\" ><\/div>\n\t\t\t\t\t\t\t\t<\/div>\n\t\t\t\t<p class=\"qodef-e-description\">per 2 persons <br>\nCrispy iceberg, bacon, croutons, grilled chicken, parmesan &amp; the famous Ceasar sauce<\/p>\n\t<\/div>\n<div class=\"qodef-m-item qodef-e elementor-repeater-item-c7ffbe0\">\n\t\t\t<div class=\"qodef-e-heading\">\n\t\t\t<h5 class=\"qodef-e-heading-title\">Main Course<\/h5>\n\t\t\t\t\t\t<div class=\"qodef-e-heading-line\" ><\/div>\n\t\t\t\t\t\t\t\t<\/div>\n\t\t\t\t<p class=\"qodef-e-description\"><strong><em>Shish chicken skewer<\/em><\/strong> with french fries &amp; grilled tomato  <strong><em><u>OR<\/u><\/em><\/strong> \n<strong><em>Shish lamb skewer<\/em><\/strong> with french fries &amp; grilled tomato <\/p>\n\t<\/div>\n<div class=\"qodef-m-item qodef-e elementor-repeater-item-4c292bc\">\n\t\t\t<div class=\"qodef-e-heading\">\n\t\t\t<h5 class=\"qodef-e-heading-title\">Orange pie with vanilla ice cream<\/h5>\n\t\t\t\t\t\t<div class=\"qodef-e-heading-line\" ><\/div>\n\t\t\t\t\t\t\t\t<\/div>\n\t\t<\/div>\n<div class=\"qodef-m-item qodef-e elementor-repeater-item-b4e7d58\">\n\t\t\t<div class=\"qodef-e-heading\">\n\t\t\t<h5 class=\"qodef-e-heading-title\">Mineral water<\/h5>\n\t\t\t\t\t\t<div class=\"qodef-e-heading-line\" ><\/div>\n\t\t\t\t\t\t\t\t<\/div>\n\t\t<\/div>\n\t<\/div>\n\t\t<\/div>\n\t\t\t\t<\/div>\n\t\t\t\t<\/div>\n\t\t\t\t<\/div>\n\t\t\t\t<\/div>\n\t\t<div class=\"elementor-element elementor-element-3ab19d1 e-con-full e-flex e-con e-parent\" data-id=\"3ab19d1\" data-element_type=\"container\" data-e-type=\"container\">\n\t\t<div class=\"elementor-element elementor-element-00f9fe9 e-con-full e-flex e-con e-child\" data-id=\"00f9fe9\" data-element_type=\"container\" data-e-type=\"container\">\n\t\t\t\t<div class=\"elementor-element elementor-element-af55da2 elementor-widget elementor-widget-beurre_core_section_title\" data-id=\"af55da2\" data-element_type=\"widget\" data-e-type=\"widget\" data-widget_type=\"beurre_core_section_title.default\">\n\t\t\t\t<div class=\"elementor-widget-container\">\n\t\t\t\t\t<div class=\"qodef-shortcode qodef-m  qodef-section-title qodef-alignment--left  qodef-highlight-title\">\n\t\t<span class=\"qodef-m-tagline\">price per person: 58,00\u20ac (all VAT included)<\/span>\n\t\t<h3 class=\"qodef-m-title\" >\n\t\t\t\t\tMenu 3 \u201cFISH &amp; SEAFOOD\u201d\t\t\t<\/h3>\n\t<\/div>\n\t\t\t\t<\/div>\n\t\t\t\t<\/div>\n\t\t\t\t<div class=\"elementor-element elementor-element-70223af elementor-widget elementor-widget-qi_addons_for_elementor_pricing_list\" data-id=\"70223af\" data-element_type=\"widget\" data-e-type=\"widget\" data-widget_type=\"qi_addons_for_elementor_pricing_list.default\">\n\t\t\t\t<div class=\"elementor-widget-container\">\n\t\t\t\t\t<div class=\"qodef-shortcode qodef-m qodef-qi-pricing-list qodef-pricing-line--solid qodef-layout--standard\">\n\t<div class=\"qodef-m-inner\">\n\t\t<div class=\"qodef-m-item qodef-e elementor-repeater-item-3e9c18c\">\n\t\t\t<div class=\"qodef-e-heading\">\n\t\t\t<h5 class=\"qodef-e-heading-title\">Bread <\/h5>\n\t\t\t\t\t\t<div class=\"qodef-e-heading-line\" ><\/div>\n\t\t\t\t\t\t\t\t<\/div>\n\t\t\t\t<p class=\"qodef-e-description\">with olive pate<\/p>\n\t<\/div>\n<div class=\"qodef-m-item qodef-e elementor-repeater-item-8d74342\">\n\t\t\t<div class=\"qodef-e-heading\">\n\t\t\t<h5 class=\"qodef-e-heading-title\">Mixed sea food <\/h5>\n\t\t\t\t\t\t<div class=\"qodef-e-heading-line\" ><\/div>\n\t\t\t\t\t\t\t\t<\/div>\n\t\t\t\t<p class=\"qodef-e-description\">per 2 persons <br>\nshrimp, grilled squid Calamari &amp; grilled octopus<\/p>\n\t<\/div>\n<div class=\"qodef-m-item qodef-e elementor-repeater-item-1830a6f\">\n\t\t\t<div class=\"qodef-e-heading\">\n\t\t\t<h5 class=\"qodef-e-heading-title\">Daphne\u2019s<\/h5>\n\t\t\t\t\t\t<div class=\"qodef-e-heading-line\" ><\/div>\n\t\t\t\t\t\t\t\t<\/div>\n\t\t\t\t<p class=\"qodef-e-description\">per 2 persons <br>\nfresh green salad with apple, orange, blackberries, walnuts\n&amp; strawberry vinaigrette and aged balsamico<\/p>\n\t<\/div>\n<div class=\"qodef-m-item qodef-e elementor-repeater-item-58f86f6\">\n\t\t\t<div class=\"qodef-e-heading\">\n\t\t\t<h5 class=\"qodef-e-heading-title\">Main Course<\/h5>\n\t\t\t\t\t\t<div class=\"qodef-e-heading-line\" ><\/div>\n\t\t\t\t\t\t\t\t<\/div>\n\t\t\t\t<p class=\"qodef-e-description\"><strong><em>Grilled fresh white grouper<\/em><\/strong> with vapeur vegetables &amp; black rice  <strong><em><u>OR<\/u><\/em><\/strong> \n<strong><em>Grilled fresh gilthead seabream<\/em><\/strong> with vapeur vegetables &amp; black rice <strong><em><u>OR<\/u><\/em><\/strong>\n<strong><em>Grilled fresh salmon<\/em><\/strong> with vapeur vegetables &amp; black rice<\/p>\n\t<\/div>\n<div class=\"qodef-m-item qodef-e elementor-repeater-item-4c292bc\">\n\t\t\t<div class=\"qodef-e-heading\">\n\t\t\t<h5 class=\"qodef-e-heading-title\">Cr\u00e8me br\u00fbl\u00e9e<\/h5>\n\t\t\t\t\t\t<div class=\"qodef-e-heading-line\" ><\/div>\n\t\t\t\t\t\t\t\t<\/div>\n\t\t<\/div>\n<div class=\"qodef-m-item qodef-e elementor-repeater-item-b4e7d58\">\n\t\t\t<div class=\"qodef-e-heading\">\n\t\t\t<h5 class=\"qodef-e-heading-title\">Mineral water<\/h5>\n\t\t\t\t\t\t<div class=\"qodef-e-heading-line\" ><\/div>\n\t\t\t\t\t\t\t\t<\/div>\n\t\t<\/div>\n\t<\/div>\n\t\t<\/div>\n\t\t\t\t<\/div>\n\t\t\t\t<\/div>\n\t\t\t\t<\/div>\n\t\t<div class=\"elementor-element elementor-element-7dfdf3f e-con-full e-flex e-con e-child\" data-id=\"7dfdf3f\" data-element_type=\"container\" data-e-type=\"container\">\n\t\t\t\t<div class=\"elementor-element elementor-element-f16466b elementor-widget elementor-widget-beurre_core_section_title\" data-id=\"f16466b\" data-element_type=\"widget\" data-e-type=\"widget\" data-widget_type=\"beurre_core_section_title.default\">\n\t\t\t\t<div class=\"elementor-widget-container\">\n\t\t\t\t\t<div class=\"qodef-shortcode qodef-m  qodef-section-title qodef-alignment--left  qodef-highlight-title\">\n\t\t\t<h3 class=\"qodef-m-title\" >\n\t\t\t\t\t* Vegan &amp; Vegeterian meal options\t\t\t<\/h3>\n\t<\/div>\n\t\t\t\t<\/div>\n\t\t\t\t<\/div>\n\t\t\t\t<div class=\"elementor-element elementor-element-6978245 elementor-widget elementor-widget-qi_addons_for_elementor_pricing_list\" data-id=\"6978245\" data-element_type=\"widget\" data-e-type=\"widget\" data-widget_type=\"qi_addons_for_elementor_pricing_list.default\">\n\t\t\t\t<div class=\"elementor-widget-container\">\n\t\t\t\t\t<div class=\"qodef-shortcode qodef-m qodef-qi-pricing-list qodef-pricing-line--solid qodef-layout--standard\">\n\t<div class=\"qodef-m-inner\">\n\t\t<div class=\"qodef-m-item qodef-e elementor-repeater-item-3e9c18c\">\n\t\t\t<div class=\"qodef-e-heading\">\n\t\t\t<h5 class=\"qodef-e-heading-title\">Gemista (stuffed vegetables)<\/h5>\n\t\t\t\t\t\t<div class=\"qodef-e-heading-line\" ><\/div>\n\t\t\t\t\t\t\t\t<\/div>\n\t\t\t\t<p class=\"qodef-e-description\">tomatoes - peppers with rice &amp; vegetables<\/p>\n\t<\/div>\n<div class=\"qodef-m-item qodef-e elementor-repeater-item-7adaa1c\">\n\t\t\t<div class=\"qodef-e-heading\">\n\t\t\t<h5 class=\"qodef-e-heading-title\">Wild mushroom risotto<\/h5>\n\t\t\t\t\t\t<div class=\"qodef-e-heading-line\" ><\/div>\n\t\t\t\t\t\t\t\t<\/div>\n\t\t\t\t<p class=\"qodef-e-description\">with trufflee, creamed with butter &amp; Greek pecorino<\/p>\n\t<\/div>\n\t<\/div>\n\t\t<\/div>\n\t\t\t\t<\/div>\n\t\t\t\t<\/div>\n\t\t\t\t<\/div>\n\t\t\t\t<\/div>\n\t\t\t\t<\/div>\n\t\t","protected":false},"excerpt":{"rendered":"<p>Wines Menus Menu 1 Unlimited | House wine | Beers &amp; Beverages 32.00\u20ac Unlimited House wine White Moschofilero Rose Moschofilero Red Cabernet Sauvignon Beers &amp; Beverages price per person: 32,00\u20ac (all VAT included) Menu 2 Unlimited | House wine | Beers &amp; Beverages 42,00\u20ac Unlimited House wine White Moschofilero Rose Moschofilero Red Cabernet Sauvignon Thema [&hellip;]<\/p>\n","protected":false},"author":1,"featured_media":0,"parent":0,"menu_order":0,"comment_status":"closed","ping_status":"closed","template":"page-full-width.php","meta":{"footnotes":""},"class_list":["post-10874","page","type-page","status-publish","hentry"],"_links":{"self":[{"href":"https:\/\/daphnesrestaurant.gr\/el\/wp-json\/wp\/v2\/pages\/10874","targetHints":{"allow":["GET"]}}],"collection":[{"href":"https:\/\/daphnesrestaurant.gr\/el\/wp-json\/wp\/v2\/pages"}],"about":[{"href":"https:\/\/daphnesrestaurant.gr\/el\/wp-json\/wp\/v2\/types\/page"}],"author":[{"embeddable":true,"href":"https:\/\/daphnesrestaurant.gr\/el\/wp-json\/wp\/v2\/users\/1"}],"replies":[{"embeddable":true,"href":"https:\/\/daphnesrestaurant.gr\/el\/wp-json\/wp\/v2\/comments?post=10874"}],"version-history":[{"count":3,"href":"https:\/\/daphnesrestaurant.gr\/el\/wp-json\/wp\/v2\/pages\/10874\/revisions"}],"predecessor-version":[{"id":10997,"href":"https:\/\/daphnesrestaurant.gr\/el\/wp-json\/wp\/v2\/pages\/10874\/revisions\/10997"}],"wp:attachment":[{"href":"https:\/\/daphnesrestaurant.gr\/el\/wp-json\/wp\/v2\/media?parent=10874"}],"curies":[{"name":"wp","href":"https:\/\/api.w.org\/{rel}","templated":true}]}}